{"id":1298,"date":"2024-10-14T07:54:53","date_gmt":"2024-10-14T07:54:53","guid":{"rendered":"https:\/\/soltrave.es\/?page_id=1298"},"modified":"2024-10-14T08:03:15","modified_gmt":"2024-10-14T08:03:15","slug":"uso-de-herramientas-de-accesibilidad","status":"publish","type":"page","link":"https:\/\/soltrave.es\/en\/uso-de-herramientas-de-accesibilidad\/","title":{"rendered":"Use of accessibility tools"},"content":{"rendered":"\t\t<div data-elementor-type=\"wp-page\" data-elementor-id=\"1298\" class=\"elementor elementor-1298\" data-elementor-post-type=\"page\">\n\t\t\t\t<div class=\"elementor-element elementor-element-3765602b e-flex e-con-boxed e-con e-parent\" data-id=\"3765602b\" data-element_type=\"container\" data-e-type=\"container\" data-settings=\"{&quot;background_background&quot;:&quot;classic&quot;,&quot;shape_divider_bottom&quot;:&quot;book&quot;}\">\n\t\t\t\t\t<div class=\"e-con-inner\">\n\t\t\t\t<div class=\"elementor-shape elementor-shape-bottom\" aria-hidden=\"true\" data-negative=\"false\">\n\t\t\t<svg xmlns=\"http:\/\/www.w3.org\/2000\/svg\" viewBox=\"0 0 1000 100\" preserveAspectRatio=\"none\">\n\t<path class=\"elementor-shape-fill\" d=\"M194,99c186.7,0.7,305-78.3,306-97.2c1,18.9,119.3,97.9,306,97.2c114.3-0.3,194,0.3,194,0.3s0-91.7,0-100c0,0,0,0,0-0 L0,0v99.3C0,99.3,79.7,98.7,194,99z\"\/>\n<\/svg>\t\t<\/div>\n\t\t<div class=\"elementor-element elementor-element-36a74627 e-con-full e-flex e-con e-child\" data-id=\"36a74627\" data-element_type=\"container\" data-e-type=\"container\">\n\t\t\t\t<div class=\"elementor-element elementor-element-486317a5 elementor-widget elementor-widget-theme-post-title elementor-page-title elementor-widget-heading\" data-id=\"486317a5\" data-element_type=\"widget\" data-e-type=\"widget\" data-widget_type=\"theme-post-title.default\">\n\t\t\t\t<div class=\"elementor-widget-container\">\n\t\t\t\t\t<h1 class=\"elementor-heading-title elementor-size-default\">Uso de herramientas de accesibilidad<\/h1>\t\t\t\t<\/div>\n\t\t\t\t<\/div>\n\t\t\t\t<\/div>\n\t\t\t\t\t<\/div>\n\t\t\t\t<\/div>\n\t\t<div class=\"elementor-element elementor-element-54f5c96a e-flex e-con-boxed e-con e-parent\" data-id=\"54f5c96a\" data-element_type=\"container\" data-e-type=\"container\">\n\t\t\t\t\t<div class=\"e-con-inner\">\n\t\t<div class=\"elementor-element elementor-element-939ab5a e-con-full e-flex e-con e-child\" data-id=\"939ab5a\" data-element_type=\"container\" data-e-type=\"container\">\n\t\t\t\t<div class=\"elementor-element elementor-element-2d11f9be elementor-widget elementor-widget-post-info\" data-id=\"2d11f9be\" data-element_type=\"widget\" data-e-type=\"widget\" data-widget_type=\"post-info.default\">\n\t\t\t\t<div class=\"elementor-widget-container\">\n\t\t\t\t\t\t\t<ul class=\"elementor-inline-items elementor-icon-list-items elementor-post-info\">\n\t\t\t\t\t\t\t\t<li class=\"elementor-icon-list-item elementor-repeater-item-ad460bb elementor-inline-item\" itemprop=\"author\">\n\t\t\t\t\t\t<a href=\"https:\/\/soltrave.es\/en\/author\/admin\/\">\n\t\t\t\t\t\t\t\t\t\t\t<span class=\"elementor-icon-list-icon\">\n\t\t\t\t\t\t\t\t<i aria-hidden=\"true\" class=\"far fa-user-circle\"><\/i>\t\t\t\t\t\t\t<\/span>\n\t\t\t\t\t\t\t\t\t<span class=\"elementor-icon-list-text elementor-post-info__item elementor-post-info__item--type-author\">\n\t\t\t\t\t\t\t\t\t\tadmin\t\t\t\t\t<\/span>\n\t\t\t\t\t\t\t\t\t<\/a>\n\t\t\t\t<\/li>\n\t\t\t\t<li class=\"elementor-icon-list-item elementor-repeater-item-83c4d32 elementor-inline-item\" itemprop=\"datePublished\">\n\t\t\t\t\t\t<a href=\"https:\/\/soltrave.es\/en\/2024\/10\/14\/\">\n\t\t\t\t\t\t\t\t\t\t\t<span class=\"elementor-icon-list-icon\">\n\t\t\t\t\t\t\t\t<i aria-hidden=\"true\" class=\"fas fa-calendar\"><\/i>\t\t\t\t\t\t\t<\/span>\n\t\t\t\t\t\t\t\t\t<span class=\"elementor-icon-list-text elementor-post-info__item elementor-post-info__item--type-date\">\n\t\t\t\t\t\t\t\t\t\t<time>October 14, 2024<\/time>\t\t\t\t\t<\/span>\n\t\t\t\t\t\t\t\t\t<\/a>\n\t\t\t\t<\/li>\n\t\t\t\t<\/ul>\n\t\t\t\t\t\t<\/div>\n\t\t\t\t<\/div>\n\t\t\t\t<div class=\"elementor-element elementor-element-59823c1 elementor-widget elementor-widget-text-editor\" data-id=\"59823c1\" data-element_type=\"widget\" data-e-type=\"widget\" data-widget_type=\"text-editor.default\">\n\t\t\t\t<div class=\"elementor-widget-container\">\n\t\t\t\t\t\t\t\t\t<p>Si pulsas sobre el icono que aparece en el medio de tu pantalla del lado izquierdo se abre un men\u00fa en el cual podr\u00e1s realizar las siguientes acciones;<\/p><ul><li>Aumentar y disminuir el tama\u00f1o de la letra<\/li><li>Escala de grises, todo el contenido se volver\u00e1 de color gris a diferentes escalas diferenciando los contenidos<\/li><li>Alto contraste, los contenidos pasan a un modo de contraste alto, para diferenciar los contenidos<\/li><li>Contraste negativo, todos los contenidos pasan a tener un contraste negativo ayudando a diferenciar las secciones<\/li><li>Fondo claro transforma toda la web y pone un fondo de color blanco a la misma.<\/li><li>subrayar enlaces, subraya todos los enlaces disponibles en la web<\/li><li>Fuente legible, transforma las fuentes del site a una fuente legible<\/li><li>Restablecer, restablece todos los valores a por defecto de la web.<\/li><\/ul>\t\t\t\t\t\t\t\t<\/div>\n\t\t\t\t<\/div>\n\t\t\t\t<\/div>\n\t\t<div class=\"elementor-element elementor-element-1d45f77 e-con-full e-flex e-con e-child\" data-id=\"1d45f77\" data-element_type=\"container\" data-e-type=\"container\">\n\t\t\t\t<div class=\"elementor-element elementor-element-14ce8528 elementor-widget elementor-widget-theme-post-featured-image elementor-widget-image\" data-id=\"14ce8528\" data-element_type=\"widget\" data-e-type=\"widget\" data-widget_type=\"theme-post-featured-image.default\">\n\t\t\t\t<div class=\"elementor-widget-container\">\n\t\t\t\t\t\t\t\t\t\t\t\t\t\t\t\t<a href=\"https:\/\/soltrave.es\/wp-content\/uploads\/2024\/10\/npxxwgq33zq.jpg\" data-elementor-open-lightbox=\"yes\" data-elementor-lightbox-title=\"Photo by Glenn Carstens-Peters\" data-e-action-hash=\"#elementor-action%3Aaction%3Dlightbox%26settings%3DeyJpZCI6MTMyOCwidXJsIjoiaHR0cHM6XC9cL3NvbHRyYXZlLmVzXC93cC1jb250ZW50XC91cGxvYWRzXC8yMDI0XC8xMFwvbnB4eHdncTMzenEuanBnIn0%3D\">\n\t\t\t\t\t\t\t<img fetchpriority=\"high\" decoding=\"async\" width=\"1600\" height=\"1065\" src=\"https:\/\/soltrave.es\/wp-content\/uploads\/2024\/10\/npxxwgq33zq.jpg\" class=\"attachment-full size-full wp-image-1328\" alt=\"person using MacBook Pro\" srcset=\"https:\/\/soltrave.es\/wp-content\/uploads\/2024\/10\/npxxwgq33zq.jpg 1600w, https:\/\/soltrave.es\/wp-content\/uploads\/2024\/10\/npxxwgq33zq-300x200.jpg 300w, https:\/\/soltrave.es\/wp-content\/uploads\/2024\/10\/npxxwgq33zq-1024x682.jpg 1024w, https:\/\/soltrave.es\/wp-content\/uploads\/2024\/10\/npxxwgq33zq-768x511.jpg 768w, https:\/\/soltrave.es\/wp-content\/uploads\/2024\/10\/npxxwgq33zq-1536x1022.jpg 1536w, https:\/\/soltrave.es\/wp-content\/uploads\/2024\/10\/npxxwgq33zq-18x12.jpg 18w\" sizes=\"(max-width: 1600px) 100vw, 1600px\" \/>\t\t\t\t\t\t\t\t<\/a>\n\t\t\t\t\t\t\t\t\t\t\t\t\t\t\t<\/div>\n\t\t\t\t<\/div>\n\t\t\t\t<div class=\"elementor-element elementor-element-4fe3feee elementor-toc--minimized-on-tablet elementor-widget elementor-widget-table-of-contents\" data-id=\"4fe3feee\" data-element_type=\"widget\" data-e-type=\"widget\" data-settings=\"{&quot;container&quot;:&quot;#contenido-principal&quot;,&quot;exclude_headings_by_selector&quot;:[],&quot;collapse_subitems&quot;:&quot;yes&quot;,&quot;marker_view&quot;:&quot;bullets&quot;,&quot;headings_by_tags&quot;:[&quot;h2&quot;,&quot;h3&quot;,&quot;h4&quot;,&quot;h5&quot;,&quot;h6&quot;],&quot;icon&quot;:{&quot;value&quot;:&quot;fas fa-circle&quot;,&quot;library&quot;:&quot;fa-solid&quot;},&quot;minimize_box&quot;:&quot;yes&quot;,&quot;minimized_on&quot;:&quot;tablet&quot;,&quot;hierarchical_view&quot;:&quot;yes&quot;,&quot;min_height&quot;:{&quot;unit&quot;:&quot;px&quot;,&quot;size&quot;:&quot;&quot;,&quot;sizes&quot;:[]},&quot;min_height_tablet&quot;:{&quot;unit&quot;:&quot;px&quot;,&quot;size&quot;:&quot;&quot;,&quot;sizes&quot;:[]},&quot;min_height_mobile&quot;:{&quot;unit&quot;:&quot;px&quot;,&quot;size&quot;:&quot;&quot;,&quot;sizes&quot;:[]}}\" data-widget_type=\"table-of-contents.default\">\n\t\t\t\t<div class=\"elementor-widget-container\">\n\t\t\t\t\t\t\t<div class=\"elementor-toc__header\">\n\t\t\t<h6 class=\"elementor-toc__header-title\">\n\t\t\t\tTabla de contenidos\t\t\t<\/h6>\n\t\t\t\t\t\t\t<div class=\"elementor-toc__toggle-button elementor-toc__toggle-button--expand\" role=\"button\" tabindex=\"0\" aria-controls=\"elementor-toc__4fe3feee\" aria-expanded=\"true\" aria-label=\"Open table of contents\"><i aria-hidden=\"true\" class=\"fas fa-chevron-down\"><\/i><\/div>\n\t\t\t\t<div class=\"elementor-toc__toggle-button elementor-toc__toggle-button--collapse\" role=\"button\" tabindex=\"0\" aria-controls=\"elementor-toc__4fe3feee\" aria-expanded=\"true\" aria-label=\"Close table of contents\"><i aria-hidden=\"true\" class=\"fas fa-chevron-up\"><\/i><\/div>\n\t\t\t\t\t<\/div>\n\t\t<div id=\"elementor-toc__4fe3feee\" class=\"elementor-toc__body elementor-toc__list-items--collapsible\">\n\t\t\t<div class=\"elementor-toc__spinner-container\">\n\t\t\t\t<i class=\"elementor-toc__spinner eicon-animation-spin eicon-loading\" aria-hidden=\"true\"><\/i>\t\t\t<\/div>\n\t\t<\/div>\n\t\t\t\t\t\t<\/div>\n\t\t\t\t<\/div>\n\t\t\t\t<\/div>\n\t\t\t\t\t<\/div>\n\t\t\t\t<\/div>\n\t\t\t\t<\/div>\n\t\t","protected":false},"excerpt":{"rendered":"<p>Si pulsas sobre el icono que aparece en el medio de tu pantalla del lado izquierdo se abre un men\u00fa en el cual podr\u00e1s realizar las siguientes acciones; Aumentar y disminuir el tama\u00f1o de la letra Escala de grises, todo el contenido se volver\u00e1 de color gris a diferentes escalas diferenciando los contenidos Alto contraste, [&hellip;]<\/p>\n","protected":false},"author":1,"featured_media":1328,"parent":0,"menu_order":0,"comment_status":"closed","ping_status":"closed","template":"elementor_header_footer","meta":{"footnotes":""},"class_list":["post-1298","page","type-page","status-publish","has-post-thumbnail","hentry"],"yoast_head":"<!-- This site is optimized with the Yoast SEO plugin v27.2 - https:\/\/yoast.com\/product\/yoast-seo-wordpress\/ -->\n<title>Uso de herramientas de accesibilidad &#8226; Soltrave Orill&eacute;s<\/title>\n<meta name=\"robots\" content=\"index, follow, max-snippet:-1, max-image-preview:large, max-video-preview:-1\" \/>\n<link rel=\"canonical\" href=\"https:\/\/myblog-g6fo8igv2n.live-website.com\/uso-de-herramientas-de-accesibilidad\/\" \/>\n<meta property=\"og:locale\" content=\"en_US\" \/>\n<meta property=\"og:type\" content=\"article\" \/>\n<meta property=\"og:title\" content=\"Uso de herramientas de accesibilidad &#8226; Soltrave Orill&eacute;s\" \/>\n<meta property=\"og:description\" content=\"Si pulsas sobre el icono que aparece en el medio de tu pantalla del lado izquierdo se abre un men\u00fa en el cual podr\u00e1s realizar las siguientes acciones; Aumentar y disminuir el tama\u00f1o de la letra Escala de grises, todo el contenido se volver\u00e1 de color gris a diferentes escalas diferenciando los contenidos Alto contraste, [&hellip;]\" \/>\n<meta property=\"og:url\" content=\"https:\/\/myblog-g6fo8igv2n.live-website.com\/uso-de-herramientas-de-accesibilidad\/\" \/>\n<meta property=\"og:site_name\" content=\"Soltrave Orill&eacute;s\" \/>\n<meta property=\"article:modified_time\" content=\"2024-10-14T08:03:15+00:00\" \/>\n<meta property=\"og:image\" content=\"https:\/\/myblog-g6fo8igv2n.live-website.com\/wp-content\/uploads\/2024\/10\/npxxwgq33zq.jpg\" \/>\n\t<meta property=\"og:image:width\" content=\"1600\" \/>\n\t<meta property=\"og:image:height\" content=\"1065\" \/>\n\t<meta property=\"og:image:type\" content=\"image\/jpeg\" \/>\n<meta name=\"twitter:card\" content=\"summary_large_image\" \/>\n<meta name=\"twitter:label1\" content=\"Est. reading time\" \/>\n\t<meta name=\"twitter:data1\" content=\"1 minute\" \/>\n<script type=\"application\/ld+json\" class=\"yoast-schema-graph\">{\"@context\":\"https:\/\/schema.org\",\"@graph\":[{\"@type\":\"WebPage\",\"@id\":\"https:\/\/myblog-g6fo8igv2n.live-website.com\/uso-de-herramientas-de-accesibilidad\/\",\"url\":\"https:\/\/myblog-g6fo8igv2n.live-website.com\/uso-de-herramientas-de-accesibilidad\/\",\"name\":\"Uso de herramientas de accesibilidad &#8226; Soltrave Orill&eacute;s\",\"isPartOf\":{\"@id\":\"https:\/\/myblog-g6fo8igv2n.live-website.com\/#website\"},\"primaryImageOfPage\":{\"@id\":\"https:\/\/myblog-g6fo8igv2n.live-website.com\/uso-de-herramientas-de-accesibilidad\/#primaryimage\"},\"image\":{\"@id\":\"https:\/\/myblog-g6fo8igv2n.live-website.com\/uso-de-herramientas-de-accesibilidad\/#primaryimage\"},\"thumbnailUrl\":\"https:\/\/soltrave.es\/wp-content\/uploads\/2024\/10\/npxxwgq33zq.jpg\",\"datePublished\":\"2024-10-14T07:54:53+00:00\",\"dateModified\":\"2024-10-14T08:03:15+00:00\",\"breadcrumb\":{\"@id\":\"https:\/\/myblog-g6fo8igv2n.live-website.com\/uso-de-herramientas-de-accesibilidad\/#breadcrumb\"},\"inLanguage\":\"en-US\",\"potentialAction\":[{\"@type\":\"ReadAction\",\"target\":[\"https:\/\/myblog-g6fo8igv2n.live-website.com\/uso-de-herramientas-de-accesibilidad\/\"]}]},{\"@type\":\"ImageObject\",\"inLanguage\":\"en-US\",\"@id\":\"https:\/\/myblog-g6fo8igv2n.live-website.com\/uso-de-herramientas-de-accesibilidad\/#primaryimage\",\"url\":\"https:\/\/soltrave.es\/wp-content\/uploads\/2024\/10\/npxxwgq33zq.jpg\",\"contentUrl\":\"https:\/\/soltrave.es\/wp-content\/uploads\/2024\/10\/npxxwgq33zq.jpg\",\"width\":1600,\"height\":1065,\"caption\":\"person using MacBook Pro\"},{\"@type\":\"BreadcrumbList\",\"@id\":\"https:\/\/myblog-g6fo8igv2n.live-website.com\/uso-de-herramientas-de-accesibilidad\/#breadcrumb\",\"itemListElement\":[{\"@type\":\"ListItem\",\"position\":1,\"name\":\"Inicio\",\"item\":\"https:\/\/myblog-g6fo8igv2n.live-website.com\/\"},{\"@type\":\"ListItem\",\"position\":2,\"name\":\"Uso de herramientas de accesibilidad\"}]},{\"@type\":\"WebSite\",\"@id\":\"https:\/\/myblog-g6fo8igv2n.live-website.com\/#website\",\"url\":\"https:\/\/myblog-g6fo8igv2n.live-website.com\/\",\"name\":\"Soltrave Orill\u00e9s\",\"description\":\"Soluciones contra humedades en Asturias\",\"publisher\":{\"@id\":\"https:\/\/myblog-g6fo8igv2n.live-website.com\/#organization\"},\"potentialAction\":[{\"@type\":\"SearchAction\",\"target\":{\"@type\":\"EntryPoint\",\"urlTemplate\":\"https:\/\/myblog-g6fo8igv2n.live-website.com\/?s={search_term_string}\"},\"query-input\":{\"@type\":\"PropertyValueSpecification\",\"valueRequired\":true,\"valueName\":\"search_term_string\"}}],\"inLanguage\":\"en-US\"},{\"@type\":\"Organization\",\"@id\":\"https:\/\/myblog-g6fo8igv2n.live-website.com\/#organization\",\"name\":\"Soltrave Orill\u00e9s\",\"url\":\"https:\/\/myblog-g6fo8igv2n.live-website.com\/\",\"logo\":{\"@type\":\"ImageObject\",\"inLanguage\":\"en-US\",\"@id\":\"https:\/\/myblog-g6fo8igv2n.live-website.com\/#\/schema\/logo\/image\/\",\"url\":\"https:\/\/soltrave.es\/wp-content\/uploads\/2024\/10\/logo-1.png\",\"contentUrl\":\"https:\/\/soltrave.es\/wp-content\/uploads\/2024\/10\/logo-1.png\",\"width\":1467,\"height\":774,\"caption\":\"Soltrave Orill\u00e9s\"},\"image\":{\"@id\":\"https:\/\/myblog-g6fo8igv2n.live-website.com\/#\/schema\/logo\/image\/\"}}]}<\/script>\n<!-- \/ Yoast SEO plugin. -->","yoast_head_json":{"title":"Uso de herramientas de accesibilidad &#8226; Soltrave Orill&eacute;s","robots":{"index":"index","follow":"follow","max-snippet":"max-snippet:-1","max-image-preview":"max-image-preview:large","max-video-preview":"max-video-preview:-1"},"canonical":"https:\/\/myblog-g6fo8igv2n.live-website.com\/uso-de-herramientas-de-accesibilidad\/","og_locale":"en_US","og_type":"article","og_title":"Uso de herramientas de accesibilidad &#8226; Soltrave Orill&eacute;s","og_description":"Si pulsas sobre el icono que aparece en el medio de tu pantalla del lado izquierdo se abre un men\u00fa en el cual podr\u00e1s realizar las siguientes acciones; Aumentar y disminuir el tama\u00f1o de la letra Escala de grises, todo el contenido se volver\u00e1 de color gris a diferentes escalas diferenciando los contenidos Alto contraste, [&hellip;]","og_url":"https:\/\/myblog-g6fo8igv2n.live-website.com\/uso-de-herramientas-de-accesibilidad\/","og_site_name":"Soltrave Orill&eacute;s","article_modified_time":"2024-10-14T08:03:15+00:00","og_image":[{"width":1600,"height":1065,"url":"https:\/\/myblog-g6fo8igv2n.live-website.com\/wp-content\/uploads\/2024\/10\/npxxwgq33zq.jpg","type":"image\/jpeg"}],"twitter_card":"summary_large_image","twitter_misc":{"Est. reading time":"1 minute"},"schema":{"@context":"https:\/\/schema.org","@graph":[{"@type":"WebPage","@id":"https:\/\/myblog-g6fo8igv2n.live-website.com\/uso-de-herramientas-de-accesibilidad\/","url":"https:\/\/myblog-g6fo8igv2n.live-website.com\/uso-de-herramientas-de-accesibilidad\/","name":"Uso de herramientas de accesibilidad &#8226; Soltrave Orill&eacute;s","isPartOf":{"@id":"https:\/\/myblog-g6fo8igv2n.live-website.com\/#website"},"primaryImageOfPage":{"@id":"https:\/\/myblog-g6fo8igv2n.live-website.com\/uso-de-herramientas-de-accesibilidad\/#primaryimage"},"image":{"@id":"https:\/\/myblog-g6fo8igv2n.live-website.com\/uso-de-herramientas-de-accesibilidad\/#primaryimage"},"thumbnailUrl":"https:\/\/soltrave.es\/wp-content\/uploads\/2024\/10\/npxxwgq33zq.jpg","datePublished":"2024-10-14T07:54:53+00:00","dateModified":"2024-10-14T08:03:15+00:00","breadcrumb":{"@id":"https:\/\/myblog-g6fo8igv2n.live-website.com\/uso-de-herramientas-de-accesibilidad\/#breadcrumb"},"inLanguage":"en-US","potentialAction":[{"@type":"ReadAction","target":["https:\/\/myblog-g6fo8igv2n.live-website.com\/uso-de-herramientas-de-accesibilidad\/"]}]},{"@type":"ImageObject","inLanguage":"en-US","@id":"https:\/\/myblog-g6fo8igv2n.live-website.com\/uso-de-herramientas-de-accesibilidad\/#primaryimage","url":"https:\/\/soltrave.es\/wp-content\/uploads\/2024\/10\/npxxwgq33zq.jpg","contentUrl":"https:\/\/soltrave.es\/wp-content\/uploads\/2024\/10\/npxxwgq33zq.jpg","width":1600,"height":1065,"caption":"person using MacBook Pro"},{"@type":"BreadcrumbList","@id":"https:\/\/myblog-g6fo8igv2n.live-website.com\/uso-de-herramientas-de-accesibilidad\/#breadcrumb","itemListElement":[{"@type":"ListItem","position":1,"name":"Inicio","item":"https:\/\/myblog-g6fo8igv2n.live-website.com\/"},{"@type":"ListItem","position":2,"name":"Uso de herramientas de accesibilidad"}]},{"@type":"WebSite","@id":"https:\/\/myblog-g6fo8igv2n.live-website.com\/#website","url":"https:\/\/myblog-g6fo8igv2n.live-website.com\/","name":"Soltrave Orill\u00e9s","description":"Solutions against dampness in Asturias","publisher":{"@id":"https:\/\/myblog-g6fo8igv2n.live-website.com\/#organization"},"potentialAction":[{"@type":"SearchAction","target":{"@type":"EntryPoint","urlTemplate":"https:\/\/myblog-g6fo8igv2n.live-website.com\/?s={search_term_string}"},"query-input":{"@type":"PropertyValueSpecification","valueRequired":true,"valueName":"search_term_string"}}],"inLanguage":"en-US"},{"@type":"Organization","@id":"https:\/\/myblog-g6fo8igv2n.live-website.com\/#organization","name":"Soltrave Orill\u00e9s","url":"https:\/\/myblog-g6fo8igv2n.live-website.com\/","logo":{"@type":"ImageObject","inLanguage":"en-US","@id":"https:\/\/myblog-g6fo8igv2n.live-website.com\/#\/schema\/logo\/image\/","url":"https:\/\/soltrave.es\/wp-content\/uploads\/2024\/10\/logo-1.png","contentUrl":"https:\/\/soltrave.es\/wp-content\/uploads\/2024\/10\/logo-1.png","width":1467,"height":774,"caption":"Soltrave Orill\u00e9s"},"image":{"@id":"https:\/\/myblog-g6fo8igv2n.live-website.com\/#\/schema\/logo\/image\/"}}]}},"_links":{"self":[{"href":"https:\/\/soltrave.es\/en\/wp-json\/wp\/v2\/pages\/1298","targetHints":{"allow":["GET"]}}],"collection":[{"href":"https:\/\/soltrave.es\/en\/wp-json\/wp\/v2\/pages"}],"about":[{"href":"https:\/\/soltrave.es\/en\/wp-json\/wp\/v2\/types\/page"}],"author":[{"embeddable":true,"href":"https:\/\/soltrave.es\/en\/wp-json\/wp\/v2\/users\/1"}],"replies":[{"embeddable":true,"href":"https:\/\/soltrave.es\/en\/wp-json\/wp\/v2\/comments?post=1298"}],"version-history":[{"count":10,"href":"https:\/\/soltrave.es\/en\/wp-json\/wp\/v2\/pages\/1298\/revisions"}],"predecessor-version":[{"id":1309,"href":"https:\/\/soltrave.es\/en\/wp-json\/wp\/v2\/pages\/1298\/revisions\/1309"}],"wp:featuredmedia":[{"embeddable":true,"href":"https:\/\/soltrave.es\/en\/wp-json\/wp\/v2\/media\/1328"}],"wp:attachment":[{"href":"https:\/\/soltrave.es\/en\/wp-json\/wp\/v2\/media?parent=1298"}],"curies":[{"name":"wp","href":"https:\/\/api.w.org\/{rel}","templated":true}]}}